{"id":7,"date":"2023-08-13T21:31:34","date_gmt":"2023-08-13T21:31:34","guid":{"rendered":"https:\/\/joelnicaragua.com\/?page_id=7"},"modified":"2023-08-14T16:30:05","modified_gmt":"2023-08-14T16:30:05","slug":"inicio","status":"publish","type":"page","link":"https:\/\/joelnicaragua.com\/","title":{"rendered":"Elementor #7"},"content":{"rendered":"\t\t<div data-elementor-type=\"wp-post\" data-elementor-id=\"7\" class=\"elementor elementor-7\">\n\t\t\t\t\t\t\t\t\t<section class=\"elementor-section elementor-top-section elementor-element elementor-element-591c09f elementor-section-boxed elementor-section-height-default elementor-section-height-default\" data-id=\"591c09f\" data-element_type=\"section\">\n\t\t\t\t\t\t<div class=\"elementor-container elementor-column-gap-default\">\n\t\t\t\t\t<div class=\"elementor-column elementor-col-100 elementor-top-column elementor-element elementor-element-3d0b2d0\" data-id=\"3d0b2d0\" data-element_type=\"column\">\n\t\t\t<div class=\"elementor-widget-wrap elementor-element-populated\">\n\t\t\t\t\t\t\t\t<div class=\"elementor-element elementor-element-6506feb elementor-widget elementor-widget-heading\" data-id=\"6506feb\" data-element_type=\"widget\" data-widget_type=\"heading.default\">\n\t\t\t\t<div class=\"elementor-widget-container\">\n\t\t\t<style>\/*! elementor - v3.15.0 - 09-08-2023 *\/\n.elementor-heading-title{padding:0;margin:0;line-height:1}.elementor-widget-heading .elementor-heading-title[class*=elementor-size-]>a{color:inherit;font-size:inherit;line-height:inherit}.elementor-widget-heading .elementor-heading-title.elementor-size-small{font-size:15px}.elementor-widget-heading .elementor-heading-title.elementor-size-medium{font-size:19px}.elementor-widget-heading .elementor-heading-title.elementor-size-large{font-size:29px}.elementor-widget-heading .elementor-heading-title.elementor-size-xl{font-size:39px}.elementor-widget-heading .elementor-heading-title.elementor-size-xxl{font-size:59px}<\/style><h2 class=\"elementor-heading-title elementor-size-default\">'Todos quieren irse para alla y ud quiere venir aqui'<\/h2>\t\t<\/div>\n\t\t\t\t<\/div>\n\t\t\t\t\t<\/div>\n\t\t<\/div>\n\t\t\t\t\t\t\t<\/div>\n\t\t<\/section>\n\t\t\t\t<section class=\"elementor-section elementor-top-section elementor-element elementor-element-5b53453 elementor-section-boxed elementor-section-height-default elementor-section-height-default\" data-id=\"5b53453\" data-element_type=\"section\">\n\t\t\t\t\t\t<div class=\"elementor-container elementor-column-gap-default\">\n\t\t\t\t\t<div class=\"elementor-column elementor-col-100 elementor-top-column elementor-element elementor-element-7a72030\" data-id=\"7a72030\" data-element_type=\"column\">\n\t\t\t<div class=\"elementor-widget-wrap elementor-element-populated\">\n\t\t\t\t\t\t\t\t<div class=\"elementor-element elementor-element-5f745f6 elementor-widget elementor-widget-text-editor\" data-id=\"5f745f6\" data-element_type=\"widget\" data-widget_type=\"text-editor.default\">\n\t\t\t\t<div class=\"elementor-widget-container\">\n\t\t\t<style>\/*! elementor - v3.15.0 - 09-08-2023 *\/\n.elementor-widget-text-editor.elementor-drop-cap-view-stacked .elementor-drop-cap{background-color:#69727d;color:#fff}.elementor-widget-text-editor.elementor-drop-cap-view-framed .elementor-drop-cap{color:#69727d;border:3px solid;background-color:transparent}.elementor-widget-text-editor:not(.elementor-drop-cap-view-default) .elementor-drop-cap{margin-top:8px}.elementor-widget-text-editor:not(.elementor-drop-cap-view-default) .elementor-drop-cap-letter{width:1em;height:1em}.elementor-widget-text-editor .elementor-drop-cap{float:left;text-align:center;line-height:1;font-size:50px}.elementor-widget-text-editor .elementor-drop-cap-letter{display:inline-block}<\/style>\t\t\t\t<p>Esto es lo que tantas Nicaraguenses me han dicho cuando les digo que quiero vivir en Nicaragua en vez de mi pais nativo Estados Unidos. Ellos deben pensar que soy loco, viendo tantas amistades que se vayan para Estados Unidos para trabajar y todo y yo quiero vivir en Nicaragua y no me interesa vivir en los Estados.\u00a0<\/p>\t\t\t\t\t\t<\/div>\n\t\t\t\t<\/div>\n\t\t\t\t\t<\/div>\n\t\t<\/div>\n\t\t\t\t\t\t\t<\/div>\n\t\t<\/section>\n\t\t\t\t<section class=\"elementor-section elementor-top-section elementor-element elementor-element-8f15087 elementor-section-boxed elementor-section-height-default elementor-section-height-default\" data-id=\"8f15087\" data-element_type=\"section\">\n\t\t\t\t\t\t<div class=\"elementor-container elementor-column-gap-default\">\n\t\t\t\t\t<div class=\"elementor-column elementor-col-50 elementor-top-column elementor-element elementor-element-757c85e\" data-id=\"757c85e\" data-element_type=\"column\">\n\t\t\t<div class=\"elementor-widget-wrap elementor-element-populated\">\n\t\t\t\t\t\t\t\t<div class=\"elementor-element elementor-element-6f9b376 elementor-widget elementor-widget-image\" data-id=\"6f9b376\" data-element_type=\"widget\" data-widget_type=\"image.default\">\n\t\t\t\t<div class=\"elementor-widget-container\">\n\t\t\t<style>\/*! elementor - v3.15.0 - 09-08-2023 *\/\n.elementor-widget-image{text-align:center}.elementor-widget-image a{display:inline-block}.elementor-widget-image a img[src$=\".svg\"]{width:48px}.elementor-widget-image img{vertical-align:middle;display:inline-block}<\/style>\t\t\t\t\t\t\t\t\t\t\t\t<img decoding=\"async\" src=\"https:\/\/joelnicaragua.com\/wp-content\/plugins\/elementor\/assets\/images\/placeholder.png\" title=\"\" alt=\"\" loading=\"lazy\" \/>\t\t\t\t\t\t\t\t\t\t\t\t\t\t\t<\/div>\n\t\t\t\t<\/div>\n\t\t\t\t\t<\/div>\n\t\t<\/div>\n\t\t\t\t<div class=\"elementor-column elementor-col-50 elementor-top-column elementor-element elementor-element-a12a902\" data-id=\"a12a902\" data-element_type=\"column\">\n\t\t\t<div class=\"elementor-widget-wrap elementor-element-populated\">\n\t\t\t\t\t\t\t\t<div class=\"elementor-element elementor-element-d326ae8 elementor-widget elementor-widget-text-editor\" data-id=\"d326ae8\" data-element_type=\"widget\" data-widget_type=\"text-editor.default\">\n\t\t\t\t<div class=\"elementor-widget-container\">\n\t\t\t\t\t\t\t<p>Me gradu\u00e9 en filosof\u00eda de Baylor University en Mayo de 2008, fue un sabado. El domingo siguiente, fui a Antigua, Guatemala para estudiar espa\u00f1ol en una escuela. Fue la primer experiencia para mi salir solito de mi pais y la pas\u00e9 super bien. Conoci a muchos extranjeros interesantes y logr\u00e9 hablar en espa\u00f1ol muy bien despues de solo 5 semanas.\u00a0\u00a0<\/p>\t\t\t\t\t\t<\/div>\n\t\t\t\t<\/div>\n\t\t\t\t\t<\/div>\n\t\t<\/div>\n\t\t\t\t\t\t\t<\/div>\n\t\t<\/section>\n\t\t\t\t<section class=\"elementor-section elementor-top-section elementor-element elementor-element-a02c208 elementor-section-boxed elementor-section-height-default elementor-section-height-default\" data-id=\"a02c208\" data-element_type=\"section\">\n\t\t\t\t\t\t<div class=\"elementor-container elementor-column-gap-default\">\n\t\t\t\t\t<div class=\"elementor-column elementor-col-50 elementor-top-column elementor-element elementor-element-0fc66af\" data-id=\"0fc66af\" data-element_type=\"column\">\n\t\t\t<div class=\"elementor-widget-wrap elementor-element-populated\">\n\t\t\t\t\t\t\t\t<div class=\"elementor-element elementor-element-3ac07d1 elementor-widget elementor-widget-text-editor\" data-id=\"3ac07d1\" data-element_type=\"widget\" data-widget_type=\"text-editor.default\">\n\t\t\t\t<div class=\"elementor-widget-container\">\n\t\t\t\t\t\t\t<p>Despues de aprender espa\u00f1ol, regres\u00e9 a los Estados, pero no me sentia muy bien alli. Decidir ir otra vez a Latinoam\u00e9rica, esta vez fui a Costa Rica. Vivi unos meses con unos amigos en Tilaran, Guanacaste y despues fui a Cobano. Alli en Cobano, me contrataron ser profe de ingl\u00e9s en un colegio. Tuve que salir de Costa Rica para renovar mi visa, asi que fui a Nicaragua por primera vez, era en Semana Santa. Fui a Granada y pas\u00e9 muy bien la semana alli. Tambien hice a un buen amigo alli. Esa semana siempre ser\u00e1 un recuerdo bonito para mi.\u00a0<\/p>\t\t\t\t\t\t<\/div>\n\t\t\t\t<\/div>\n\t\t\t\t\t<\/div>\n\t\t<\/div>\n\t\t\t\t<div class=\"elementor-column elementor-col-50 elementor-top-column elementor-element elementor-element-3b741ab\" data-id=\"3b741ab\" data-element_type=\"column\">\n\t\t\t<div class=\"elementor-widget-wrap elementor-element-populated\">\n\t\t\t\t\t\t\t\t<div class=\"elementor-element elementor-element-a010725 elementor-widget elementor-widget-image\" data-id=\"a010725\" data-element_type=\"widget\" data-widget_type=\"image.default\">\n\t\t\t\t<div class=\"elementor-widget-container\">\n\t\t\t\t\t\t\t\t\t\t\t\t\t\t\t<img decoding=\"async\" src=\"https:\/\/joelnicaragua.com\/wp-content\/plugins\/elementor\/assets\/images\/placeholder.png\" title=\"\" alt=\"\" loading=\"lazy\" \/>\t\t\t\t\t\t\t\t\t\t\t\t\t\t\t<\/div>\n\t\t\t\t<\/div>\n\t\t\t\t\t<\/div>\n\t\t<\/div>\n\t\t\t\t\t\t\t<\/div>\n\t\t<\/section>\n\t\t\t\t<section class=\"elementor-section elementor-top-section elementor-element elementor-element-ea7a1f3 elementor-section-boxed elementor-section-height-default elementor-section-height-default\" data-id=\"ea7a1f3\" data-element_type=\"section\">\n\t\t\t\t\t\t<div class=\"elementor-container elementor-column-gap-default\">\n\t\t\t\t\t<div class=\"elementor-column elementor-col-100 elementor-top-column elementor-element elementor-element-fbf6196\" data-id=\"fbf6196\" data-element_type=\"column\">\n\t\t\t<div class=\"elementor-widget-wrap elementor-element-populated\">\n\t\t\t\t\t\t\t\t<div class=\"elementor-element elementor-element-d21a7ba elementor-widget elementor-widget-text-editor\" data-id=\"d21a7ba\" data-element_type=\"widget\" data-widget_type=\"text-editor.default\">\n\t\t\t\t<div class=\"elementor-widget-container\">\n\t\t\t\t\t\t\t<p>Despues de esa semana, regres\u00e9 a Costa Rica para seguir trabajando. Me gustaron muchas cosas en Costa Rica, pero no estuvo todo &#8216;tuanis&#8217; que digamos. Costa Rica era bonito pero yo no estaba feliz alli, asi que regres\u00e9 otra vez a Estados Unidos. Alli trabaj\u00e9 un tiempo en un restaurante y dando clase de ingl\u00e9s en linea a tiempo parcial. No me decid\u00ed que profesi\u00f3n dedicarme&#8230;<\/p>\t\t\t\t\t\t<\/div>\n\t\t\t\t<\/div>\n\t\t\t\t\t<\/div>\n\t\t<\/div>\n\t\t\t\t\t\t\t<\/div>\n\t\t<\/section>\n\t\t\t\t<section class=\"elementor-section elementor-top-section elementor-element elementor-element-213bd42 elementor-section-boxed elementor-section-height-default elementor-section-height-default\" data-id=\"213bd42\" data-element_type=\"section\">\n\t\t\t\t\t\t<div class=\"elementor-container elementor-column-gap-default\">\n\t\t\t\t\t<div class=\"elementor-column elementor-col-50 elementor-top-column elementor-element elementor-element-8adcad0\" data-id=\"8adcad0\" data-element_type=\"column\">\n\t\t\t<div class=\"elementor-widget-wrap elementor-element-populated\">\n\t\t\t\t\t\t\t\t<div class=\"elementor-element elementor-element-ec62968 elementor-widget elementor-widget-image\" data-id=\"ec62968\" data-element_type=\"widget\" data-widget_type=\"image.default\">\n\t\t\t\t<div class=\"elementor-widget-container\">\n\t\t\t\t\t\t\t\t\t\t\t\t\t\t\t<img decoding=\"async\" src=\"https:\/\/joelnicaragua.com\/wp-content\/plugins\/elementor\/assets\/images\/placeholder.png\" title=\"\" alt=\"\" loading=\"lazy\" \/>\t\t\t\t\t\t\t\t\t\t\t\t\t\t\t<\/div>\n\t\t\t\t<\/div>\n\t\t\t\t\t<\/div>\n\t\t<\/div>\n\t\t\t\t<div class=\"elementor-column elementor-col-50 elementor-top-column elementor-element elementor-element-4a8c905\" data-id=\"4a8c905\" data-element_type=\"column\">\n\t\t\t<div class=\"elementor-widget-wrap elementor-element-populated\">\n\t\t\t\t\t\t\t\t<div class=\"elementor-element elementor-element-451909c elementor-widget elementor-widget-text-editor\" data-id=\"451909c\" data-element_type=\"widget\" data-widget_type=\"text-editor.default\">\n\t\t\t\t<div class=\"elementor-widget-container\">\n\t\t\t\t\t\t\t<p>En Julio de 2011 tuve otra oportunidad de ir a Latinoam\u00e9rica, a Nicaragua. Esta vez fui de traductor para un misionero. Est\u00e1bamos en la casa de un amigo en Matagalpa y alli conoci a mi esposa. Comenzamos solo siendo amigos, pero despues de un tiempo nuestra amistad se convertio en un matrimonio bonito. Nos casamos al final del a\u00f1o de 2012. Ahora en 2023 tenemos dos hijos, un ni\u00f1o y una ni\u00f1a.\u00a0<\/p>\t\t\t\t\t\t<\/div>\n\t\t\t\t<\/div>\n\t\t\t\t\t<\/div>\n\t\t<\/div>\n\t\t\t\t\t\t\t<\/div>\n\t\t<\/section>\n\t\t\t\t<section class=\"elementor-section elementor-top-section elementor-element elementor-element-80d9feb elementor-section-boxed elementor-section-height-default elementor-section-height-default\" data-id=\"80d9feb\" data-element_type=\"section\">\n\t\t\t\t\t\t<div class=\"elementor-container elementor-column-gap-default\">\n\t\t\t\t\t<div class=\"elementor-column elementor-col-50 elementor-top-column elementor-element elementor-element-81e11f4\" data-id=\"81e11f4\" data-element_type=\"column\">\n\t\t\t<div class=\"elementor-widget-wrap elementor-element-populated\">\n\t\t\t\t\t\t\t\t<div class=\"elementor-element elementor-element-ec245ff elementor-widget elementor-widget-text-editor\" data-id=\"ec245ff\" data-element_type=\"widget\" data-widget_type=\"text-editor.default\">\n\t\t\t\t<div class=\"elementor-widget-container\">\n\t\t\t\t\t\t\t<p>En mis dias solteros, podia vivir bien solo trabajando un poco en las clases en linea y como me pagaban en dolares, me salia bien. Ahora con una familia, tenia que buscar como conseguir mas alumnos. Logr\u00e9 mi meta y comenz\u00e9 a ganar mas, hasta pudimos alquilar una casa centrica en Matagalpa. Las clases no eran oficial con una empresa y no era un ingreso estable, pero con la ayuda del Padre, siempre tenia dinero.\u00a0<\/p>\t\t\t\t\t\t<\/div>\n\t\t\t\t<\/div>\n\t\t\t\t\t<\/div>\n\t\t<\/div>\n\t\t\t\t<div class=\"elementor-column elementor-col-50 elementor-top-column elementor-element elementor-element-f3684d4\" data-id=\"f3684d4\" data-element_type=\"column\">\n\t\t\t<div class=\"elementor-widget-wrap elementor-element-populated\">\n\t\t\t\t\t\t\t\t<div class=\"elementor-element elementor-element-c7aa6db elementor-widget elementor-widget-image\" data-id=\"c7aa6db\" data-element_type=\"widget\" data-widget_type=\"image.default\">\n\t\t\t\t<div class=\"elementor-widget-container\">\n\t\t\t\t\t\t\t\t\t\t\t\t\t\t\t<img decoding=\"async\" src=\"https:\/\/joelnicaragua.com\/wp-content\/plugins\/elementor\/assets\/images\/placeholder.png\" title=\"\" alt=\"\" loading=\"lazy\" \/>\t\t\t\t\t\t\t\t\t\t\t\t\t\t\t<\/div>\n\t\t\t\t<\/div>\n\t\t\t\t\t<\/div>\n\t\t<\/div>\n\t\t\t\t\t\t\t<\/div>\n\t\t<\/section>\n\t\t\t\t<section class=\"elementor-section elementor-top-section elementor-element elementor-element-e5c7279 elementor-section-boxed elementor-section-height-default elementor-section-height-default\" data-id=\"e5c7279\" data-element_type=\"section\">\n\t\t\t\t\t\t<div class=\"elementor-container elementor-column-gap-default\">\n\t\t\t\t\t<div class=\"elementor-column elementor-col-50 elementor-top-column elementor-element elementor-element-e57fc7e\" data-id=\"e57fc7e\" data-element_type=\"column\">\n\t\t\t<div class=\"elementor-widget-wrap elementor-element-populated\">\n\t\t\t\t\t\t\t\t<div class=\"elementor-element elementor-element-1b454a3 elementor-widget elementor-widget-image\" data-id=\"1b454a3\" data-element_type=\"widget\" data-widget_type=\"image.default\">\n\t\t\t\t<div class=\"elementor-widget-container\">\n\t\t\t\t\t\t\t\t\t\t\t\t\t\t\t<img decoding=\"async\" src=\"https:\/\/joelnicaragua.com\/wp-content\/plugins\/elementor\/assets\/images\/placeholder.png\" title=\"\" alt=\"\" loading=\"lazy\" \/>\t\t\t\t\t\t\t\t\t\t\t\t\t\t\t<\/div>\n\t\t\t\t<\/div>\n\t\t\t\t\t<\/div>\n\t\t<\/div>\n\t\t\t\t<div class=\"elementor-column elementor-col-50 elementor-top-column elementor-element elementor-element-5102115\" data-id=\"5102115\" data-element_type=\"column\">\n\t\t\t<div class=\"elementor-widget-wrap elementor-element-populated\">\n\t\t\t\t\t\t\t\t<div class=\"elementor-element elementor-element-654a625 elementor-widget elementor-widget-text-editor\" data-id=\"654a625\" data-element_type=\"widget\" data-widget_type=\"text-editor.default\">\n\t\t\t\t<div class=\"elementor-widget-container\">\n\t\t\t\t\t\t\t<p>En los Estados, lo que ganaba no era mucho dinero, pero por el cambio del dolar,\u00a0 en Nicaragua era mucho dinero. Por eso, tenia la bendici\u00f3n de no solo ayudar a mi familia cercana, pero tambi\u00e9n ayud\u00e9 a varias personas de la familia de mi esposa. Vivian mi cu\u00f1ada y sobrinos con nosotros en Matagalpa y tambi\u00e9n ayud\u00e9 a otra cu\u00f1ada con el alquiler de su casa. Me sentia bien poder ayudar y me gust\u00f3 tener una familia grande porque crec\u00ed con solo una hermana y siempre queria mas hermanos.\u00a0<\/p>\t\t\t\t\t\t<\/div>\n\t\t\t\t<\/div>\n\t\t\t\t\t<\/div>\n\t\t<\/div>\n\t\t\t\t\t\t\t<\/div>\n\t\t<\/section>\n\t\t\t\t\t\t\t<\/div>\n\t\t","protected":false},"excerpt":{"rendered":"<p>&#8216;Todos quieren irse para alla y ud quiere venir aqui&#8217; Esto es lo que tantas Nicaraguenses me han dicho cuando les digo que quiero vivir en Nicaragua en vez de mi pais nativo Estados Unidos. Ellos deben pensar que soy loco, viendo tantas amistades que se vayan para Estados Unidos para trabajar y todo y [&hellip;]<\/p>\n","protected":false},"author":1,"featured_media":0,"parent":0,"menu_order":0,"comment_status":"closed","ping_status":"closed","template":"","meta":{"footnotes":""},"_links":{"self":[{"href":"https:\/\/joelnicaragua.com\/index.php\/wp-json\/wp\/v2\/pages\/7"}],"collection":[{"href":"https:\/\/joelnicaragua.com\/index.php\/wp-json\/wp\/v2\/pages"}],"about":[{"href":"https:\/\/joelnicaragua.com\/index.php\/wp-json\/wp\/v2\/types\/page"}],"author":[{"embeddable":true,"href":"https:\/\/joelnicaragua.com\/index.php\/wp-json\/wp\/v2\/users\/1"}],"replies":[{"embeddable":true,"href":"https:\/\/joelnicaragua.com\/index.php\/wp-json\/wp\/v2\/comments?post=7"}],"version-history":[{"count":20,"href":"https:\/\/joelnicaragua.com\/index.php\/wp-json\/wp\/v2\/pages\/7\/revisions"}],"predecessor-version":[{"id":35,"href":"https:\/\/joelnicaragua.com\/index.php\/wp-json\/wp\/v2\/pages\/7\/revisions\/35"}],"wp:attachment":[{"href":"https:\/\/joelnicaragua.com\/index.php\/wp-json\/wp\/v2\/media?parent=7"}],"curies":[{"name":"wp","href":"https:\/\/api.w.org\/{rel}","templated":true}]}}